{"id":4406,"date":"2024-05-28T11:36:25","date_gmt":"2024-05-28T09:36:25","guid":{"rendered":"http:\/\/35.181.68.102\/?page_id=4406"},"modified":"2025-09-30T16:23:04","modified_gmt":"2025-09-30T14:23:04","slug":"reservez-votre-chauffeur","status":"publish","type":"page","link":"https:\/\/barclays-services.com\/en\/book-your-driver-2\/","title":{"rendered":"Book your driver"},"content":{"rendered":"<div data-elementor-type=\"wp-page\" data-elementor-id=\"4406\" class=\"elementor elementor-4406\" data-elementor-post-type=\"page\">\n\t\t\t\t<div class=\"elementor-element elementor-element-acc8b45 e-con-full e-flex wpr-particle-no wpr-jarallax-no wpr-parallax-no wpr-sticky-section-no e-con e-parent\" data-id=\"acc8b45\" data-element_type=\"container\" data-settings=\"{&quot;background_background&quot;:&quot;classic&quot;,&quot;_ha_eqh_enable&quot;:false}\">\n\t\t\t\t<div class=\"elementor-element elementor-element-d2a6fd3 elementor-widget elementor-widget-heading\" data-id=\"d2a6fd3\" data-element_type=\"widget\" data-widget_type=\"heading.default\">\n\t\t\t\t<div class=\"elementor-widget-container\">\n\t\t\t<h2 class=\"elementor-heading-title elementor-size-default\">Book your driver<\/h2>\t\t<\/div>\n\t\t\t\t<\/div>\n\t\t\t\t<div class=\"elementor-element elementor-element-b434914 elementor-widget elementor-widget-text-editor\" data-id=\"b434914\" data-element_type=\"widget\" data-widget_type=\"text-editor.default\">\n\t\t\t\t<div class=\"elementor-widget-container\">\n\t\t\t\t\t\t\t<p>The booking system is currently closed.<\/p><p>For all enquiries, please send us a message via our <a href=\"https:\/\/barclays-services.com\/en\/contact\/\">contact form<\/a>.<\/p><p>Thank you for your time.<\/p>\t\t\t\t\t\t<\/div>\n\t\t\t\t<\/div>\n\t\t\t\t<\/div>\n\t\t\t\t<\/div>","protected":false},"excerpt":{"rendered":"<p>R\u00e9servez votre chauffeur Le syst\u00e8me de r\u00e9servation est actuellement ferm\u00e9. Pour toute demande, merci de nous adresser un message via notre formulaire de contact. Merci.<\/p>","protected":false},"author":2,"featured_media":0,"parent":0,"menu_order":0,"comment_status":"closed","ping_status":"closed","template":"elementor_header_footer","meta":{"rank_math_lock_modified_date":false,"_monsterinsights_skip_tracking":false,"_monsterinsights_sitenote_active":false,"_monsterinsights_sitenote_note":"","_monsterinsights_sitenote_category":0,"footnotes":""},"class_list":["post-4406","page","type-page","status-publish","hentry"],"_links":{"self":[{"href":"https:\/\/barclays-services.com\/en\/wp-json\/wp\/v2\/pages\/4406"}],"collection":[{"href":"https:\/\/barclays-services.com\/en\/wp-json\/wp\/v2\/pages"}],"about":[{"href":"https:\/\/barclays-services.com\/en\/wp-json\/wp\/v2\/types\/page"}],"author":[{"embeddable":true,"href":"https:\/\/barclays-services.com\/en\/wp-json\/wp\/v2\/users\/2"}],"replies":[{"embeddable":true,"href":"https:\/\/barclays-services.com\/en\/wp-json\/wp\/v2\/comments?post=4406"}],"version-history":[{"count":32,"href":"https:\/\/barclays-services.com\/en\/wp-json\/wp\/v2\/pages\/4406\/revisions"}],"predecessor-version":[{"id":5644,"href":"https:\/\/barclays-services.com\/en\/wp-json\/wp\/v2\/pages\/4406\/revisions\/5644"}],"wp:attachment":[{"href":"https:\/\/barclays-services.com\/en\/wp-json\/wp\/v2\/media?parent=4406"}],"curies":[{"name":"wp","href":"https:\/\/api.w.org\/{rel}","templated":true}]}}