{"id":5604,"date":"2025-01-14T10:57:23","date_gmt":"2025-01-14T09:57:23","guid":{"rendered":"https:\/\/barclays-services.com\/?page_id=5604"},"modified":"2025-01-18T19:45:34","modified_gmt":"2025-01-18T18:45:34","slug":"nos-partenaires","status":"publish","type":"page","link":"https:\/\/barclays-services.com\/en\/our-partners\/","title":{"rendered":"Our partners"},"content":{"rendered":"<div data-elementor-type=\"wp-page\" data-elementor-id=\"5604\" class=\"elementor elementor-5604\" data-elementor-post-type=\"page\">\n\t\t\t\t<div class=\"elementor-element elementor-element-e904b0a e-flex e-con-boxed wpr-particle-no wpr-jarallax-no wpr-parallax-no wpr-sticky-section-no e-con e-parent\" data-id=\"e904b0a\" data-element_type=\"container\" data-settings=\"{&quot;_ha_eqh_enable&quot;:false}\">\n\t\t\t\t\t<div class=\"e-con-inner\">\n\t\t\t\t<div class=\"elementor-element elementor-element-0d8787c elementor-widget elementor-widget-heading\" data-id=\"0d8787c\" data-element_type=\"widget\" data-widget_type=\"heading.default\">\n\t\t\t\t<div class=\"elementor-widget-container\">\n\t\t\t<h1 class=\"elementor-heading-title elementor-size-default\">Our partners<\/h1>\t\t<\/div>\n\t\t\t\t<\/div>\n\t\t\t\t\t<\/div>\n\t\t\t\t<\/div>\n\t\t<div class=\"elementor-element elementor-element-ac35749 e-flex e-con-boxed wpr-particle-no wpr-jarallax-no wpr-parallax-no wpr-sticky-section-no e-con e-parent\" data-id=\"ac35749\" data-element_type=\"container\" data-settings=\"{&quot;_ha_eqh_enable&quot;:false}\">\n\t\t\t\t\t<div class=\"e-con-inner\">\n\t\t<div class=\"elementor-element elementor-element-b502dcc e-con-full e-flex wpr-particle-no wpr-jarallax-no wpr-parallax-no wpr-sticky-section-no e-con e-child\" data-id=\"b502dcc\" data-element_type=\"container\" data-settings=\"{&quot;_ha_eqh_enable&quot;:false}\">\n\t\t\t\t<div class=\"elementor-element elementor-element-6f84cec elementor-widget elementor-widget-text-editor\" data-id=\"6f84cec\" data-element_type=\"widget\" data-widget_type=\"text-editor.default\">\n\t\t\t\t<div class=\"elementor-widget-container\">\n\t\t\t\t\t\t\t<p>\u00a0<\/p><p><a href=\"https:\/\/prisma-riviera.com\/\" target=\"_blank\" rel=\"noopener\"><img fetchpriority=\"high\" decoding=\"async\" class=\"aligncenter wp-image-5616 size-medium\" src=\"https:\/\/barclays-services.com\/wp-content\/uploads\/logo-prisma-carte-visite-1-300x192.webp\" alt=\"\" width=\"300\" height=\"192\" srcset=\"https:\/\/barclays-services.com\/wp-content\/uploads\/logo-prisma-carte-visite-1-300x192.webp 300w, https:\/\/barclays-services.com\/wp-content\/uploads\/logo-prisma-carte-visite-1-150x96.webp 150w, https:\/\/barclays-services.com\/wp-content\/uploads\/logo-prisma-carte-visite-1-768x491.webp 768w, https:\/\/barclays-services.com\/wp-content\/uploads\/logo-prisma-carte-visite-1-18x12.webp 18w, https:\/\/barclays-services.com\/wp-content\/uploads\/logo-prisma-carte-visite-1-460x294.webp 460w, https:\/\/barclays-services.com\/wp-content\/uploads\/logo-prisma-carte-visite-1-500x319.webp 500w, https:\/\/barclays-services.com\/wp-content\/uploads\/logo-prisma-carte-visite-1-64x41.webp 64w, https:\/\/barclays-services.com\/wp-content\/uploads\/logo-prisma-carte-visite-1.webp 800w\" sizes=\"(max-width: 300px) 100vw, 300px\" \/><\/a><\/p><p><strong><a href=\"https:\/\/prisma-riviera.com\/\" target=\"_blank\" rel=\"noopener\">Prisma Riviera<\/a> <\/strong><\/p><p>Car detailing centre (covering, polishing, protective film, ceramic treatment)<\/p><p>21 all\u00e9e Charles Nungesser 06210 Mandelieu-la-Napoule<\/p>\t\t\t\t\t\t<\/div>\n\t\t\t\t<\/div>\n\t\t\t\t<\/div>\n\t\t\t\t\t<\/div>\n\t\t\t\t<\/div>\n\t\t\t\t<\/div>","protected":false},"excerpt":{"rendered":"<p>Our Partners Prisma Riviera Centre d'esth\u00e9tique automobile (Covering, lustrage, film de protection, traitement c\u00e9ramique) 21 all\u00e9e Charles Nungesser 06210 Mandelieu-la-Napoule<\/p>","protected":false},"author":2,"featured_media":0,"parent":0,"menu_order":0,"comment_status":"closed","ping_status":"closed","template":"elementor_header_footer","meta":{"rank_math_lock_modified_date":false,"_monsterinsights_skip_tracking":false,"_monsterinsights_sitenote_active":false,"_monsterinsights_sitenote_note":"","_monsterinsights_sitenote_category":0,"footnotes":""},"class_list":["post-5604","page","type-page","status-publish","hentry"],"_links":{"self":[{"href":"https:\/\/barclays-services.com\/en\/wp-json\/wp\/v2\/pages\/5604"}],"collection":[{"href":"https:\/\/barclays-services.com\/en\/wp-json\/wp\/v2\/pages"}],"about":[{"href":"https:\/\/barclays-services.com\/en\/wp-json\/wp\/v2\/types\/page"}],"author":[{"embeddable":true,"href":"https:\/\/barclays-services.com\/en\/wp-json\/wp\/v2\/users\/2"}],"replies":[{"embeddable":true,"href":"https:\/\/barclays-services.com\/en\/wp-json\/wp\/v2\/comments?post=5604"}],"version-history":[{"count":22,"href":"https:\/\/barclays-services.com\/en\/wp-json\/wp\/v2\/pages\/5604\/revisions"}],"predecessor-version":[{"id":5632,"href":"https:\/\/barclays-services.com\/en\/wp-json\/wp\/v2\/pages\/5604\/revisions\/5632"}],"wp:attachment":[{"href":"https:\/\/barclays-services.com\/en\/wp-json\/wp\/v2\/media?parent=5604"}],"curies":[{"name":"wp","href":"https:\/\/api.w.org\/{rel}","templated":true}]}}